{"id":1066,"date":"2025-10-24T17:57:30","date_gmt":"2025-10-24T17:57:30","guid":{"rendered":"https:\/\/iglowhouse.com\/about\/"},"modified":"2025-10-28T20:45:23","modified_gmt":"2025-10-28T20:45:23","slug":"about","status":"publish","type":"page","link":"https:\/\/iglowhouse.com\/en\/about\/","title":{"rendered":"About"},"content":{"rendered":"<div data-elementor-type=\"wp-page\" data-elementor-id=\"1066\" class=\"elementor elementor-1066\">\n\t\t\t\t<div class=\"elementor-element elementor-element-b8ff3fc e-flex e-con-boxed e-con e-parent\" data-id=\"b8ff3fc\" data-element_type=\"container\">\n\t\t\t\t\t<div class=\"e-con-inner\">\n\t\t\t\t<div class=\"elementor-element elementor-element-08075e0 elementor-widget elementor-widget-heading\" data-id=\"08075e0\" data-element_type=\"widget\" data-widget_type=\"heading.default\">\n\t\t\t\t<div class=\"elementor-widget-container\">\n\t\t\t\t\t<h1 class=\"elementor-heading-title elementor-size-default\">My trip in<\/h1>\t\t\t\t<\/div>\n\t\t\t\t<\/div>\n\t\t\t\t<div class=\"elementor-element elementor-element-65bbaa8 elementor-widget elementor-widget-heading\" data-id=\"65bbaa8\" data-element_type=\"widget\" data-widget_type=\"heading.default\">\n\t\t\t\t<div class=\"elementor-widget-container\">\n\t\t\t\t\t<span class=\"elementor-heading-title elementor-size-default\">design<\/span>\t\t\t\t<\/div>\n\t\t\t\t<\/div>\n\t\t\t\t<div class=\"elementor-element elementor-element-083e9b8 elementor-widget elementor-widget-image\" data-id=\"083e9b8\" data-element_type=\"widget\" data-widget_type=\"image.default\">\n\t\t\t\t<div class=\"elementor-widget-container\">\n\t\t\t\t\t\t\t\t\t\t\t\t\t\t\t<img fetchpriority=\"high\" decoding=\"async\" width=\"1536\" height=\"1536\" src=\"https:\/\/iglowhouse.com\/wp-content\/uploads\/2025\/10\/WhatsApp-Image-2025-10-12-at-2.40.24-AM-1536x1536.jpeg\" class=\"attachment-1536x1536 size-1536x1536 wp-image-1429\" alt=\"whatsapp image 2025 10 12 at 2.40.24 am\" srcset=\"https:\/\/iglowhouse.com\/wp-content\/uploads\/2025\/10\/WhatsApp-Image-2025-10-12-at-2.40.24-AM-1536x1536.jpeg 1536w, https:\/\/iglowhouse.com\/wp-content\/uploads\/2025\/10\/WhatsApp-Image-2025-10-12-at-2.40.24-AM-300x300.jpeg 300w, https:\/\/iglowhouse.com\/wp-content\/uploads\/2025\/10\/WhatsApp-Image-2025-10-12-at-2.40.24-AM-1024x1024.jpeg 1024w, https:\/\/iglowhouse.com\/wp-content\/uploads\/2025\/10\/WhatsApp-Image-2025-10-12-at-2.40.24-AM-150x150.jpeg 150w, https:\/\/iglowhouse.com\/wp-content\/uploads\/2025\/10\/WhatsApp-Image-2025-10-12-at-2.40.24-AM-768x768.jpeg 768w, https:\/\/iglowhouse.com\/wp-content\/uploads\/2025\/10\/WhatsApp-Image-2025-10-12-at-2.40.24-AM.jpeg 1600w\" sizes=\"(max-width: 1536px) 100vw, 1536px\" title=\"About\">\t\t\t\t\t\t\t\t\t\t\t\t\t\t\t<\/div>\n\t\t\t\t<\/div>\n\t\t\t\t\t<\/div>\n\t\t\t\t<\/div>\n\t\t<div class=\"elementor-element elementor-element-f1874d4 e-flex e-con-boxed e-con e-parent\" data-id=\"f1874d4\" data-element_type=\"container\">\n\t\t\t\t\t<div class=\"e-con-inner\">\n\t\t<div class=\"elementor-element elementor-element-cd3fba5 e-con-full e-flex e-con e-child\" data-id=\"cd3fba5\" data-element_type=\"container\">\n\t\t\t\t<div class=\"elementor-element elementor-element-2b081a8 elementor-widget elementor-widget-heading\" data-id=\"2b081a8\" data-element_type=\"widget\" data-widget_type=\"heading.default\">\n\t\t\t\t<div class=\"elementor-widget-container\">\n\t\t\t\t\t<h3 class=\"elementor-heading-title elementor-size-default\">About Us<\/h3>\t\t\t\t<\/div>\n\t\t\t\t<\/div>\n\t\t\t\t<\/div>\n\t\t<div class=\"elementor-element elementor-element-9009d95 e-con-full e-flex e-con e-child\" data-id=\"9009d95\" data-element_type=\"container\">\n\t\t\t\t<div class=\"elementor-element elementor-element-6a3e8ce elementor-widget elementor-widget-text-editor\" data-id=\"6a3e8ce\" data-element_type=\"widget\" data-widget_type=\"text-editor.default\">\n\t\t\t\t<div class=\"elementor-widget-container\">\n\t\t\t\t\t\t\t\t\t<p>Glow House Digital began as a freelance service driven by creativity, passion, and the desire to help brands grow through design and strategy.<\/p><p>Over time, what started as a personal initiative evolved into a formally established company \u2014 a small but powerful team of fewer than ten professionals specialized in design, communication, and digital marketing.\u00a0\u00a0<\/p>\t\t\t\t\t\t\t\t<\/div>\n\t\t\t\t<\/div>\n\t\t\t\t<\/div>\n\t\t\t\t\t<\/div>\n\t\t\t\t<\/div>\n\t\t<div class=\"elementor-element elementor-element-2207d26 e-flex e-con-boxed e-con e-parent\" data-id=\"2207d26\" data-element_type=\"container\" data-settings=\"{&quot;background_background&quot;:&quot;classic&quot;}\">\n\t\t\t\t\t<div class=\"e-con-inner\">\n\t\t<div class=\"elementor-element elementor-element-54d5947 e-con-full e-flex e-con e-child\" data-id=\"54d5947\" data-element_type=\"container\">\n\t\t\t\t<div class=\"elementor-element elementor-element-bed55f9 elementor-widget elementor-widget-heading\" data-id=\"bed55f9\" data-element_type=\"widget\" data-widget_type=\"heading.default\">\n\t\t\t\t<div class=\"elementor-widget-container\">\n\t\t\t\t\t<h3 class=\"elementor-heading-title elementor-size-default\">Our purpose<\/h3>\t\t\t\t<\/div>\n\t\t\t\t<\/div>\n\t\t\t\t<\/div>\n\t\t<div class=\"elementor-element elementor-element-4d8c994 e-con-full e-flex e-con e-child\" data-id=\"4d8c994\" data-element_type=\"container\">\n\t\t\t\t<div class=\"elementor-element elementor-element-7996b11 elementor-widget elementor-widget-text-editor\" data-id=\"7996b11\" data-element_type=\"widget\" data-widget_type=\"text-editor.default\">\n\t\t\t\t<div class=\"elementor-widget-container\">\n\t\t\t\t\t\t\t\t\t<p>Our purpose is simple yet meaningful: to help small businesses and entrepreneurs grow, express their essence, and strengthen their presence in the digital world.<\/p><p>\u00a0<\/p><p>We are passionate about guiding brands that are starting or scaling, giving them a strong, consistent, and memorable image that connects with their audience and drives real growth.<\/p>\t\t\t\t\t\t\t\t<\/div>\n\t\t\t\t<\/div>\n\t\t\t\t<\/div>\n\t\t\t\t\t<\/div>\n\t\t\t\t<\/div>\n\t\t<div class=\"elementor-element elementor-element-fd49c0a e-flex e-con-boxed e-con e-parent\" data-id=\"fd49c0a\" data-element_type=\"container\">\n\t\t\t\t\t<div class=\"e-con-inner\">\n\t\t<div class=\"elementor-element elementor-element-eb3ebd4 e-con-full e-flex e-con e-child\" data-id=\"eb3ebd4\" data-element_type=\"container\">\n\t\t\t\t<div class=\"elementor-element elementor-element-e58f11e elementor-widget elementor-widget-heading\" data-id=\"e58f11e\" data-element_type=\"widget\" data-widget_type=\"heading.default\">\n\t\t\t\t<div class=\"elementor-widget-container\">\n\t\t\t\t\t<h3 class=\"elementor-heading-title elementor-size-default\">Our mission<\/h3>\t\t\t\t<\/div>\n\t\t\t\t<\/div>\n\t\t\t\t<\/div>\n\t\t<div class=\"elementor-element elementor-element-eefe99c e-con-full e-flex e-con e-child\" data-id=\"eefe99c\" data-element_type=\"container\">\n\t\t\t\t<div class=\"elementor-element elementor-element-45e1629 elementor-widget elementor-widget-text-editor\" data-id=\"45e1629\" data-element_type=\"widget\" data-widget_type=\"text-editor.default\">\n\t\t\t\t<div class=\"elementor-widget-container\">\n\t\t\t\t\t\t\t\t\t<p>Our mission is to help companies communicate effectively in the digital space through strategic visuals, authentic content, and creative planning that reflects their purpose.<\/p>\t\t\t\t\t\t\t\t<\/div>\n\t\t\t\t<\/div>\n\t\t\t\t<\/div>\n\t\t\t\t\t<\/div>\n\t\t\t\t<\/div>\n\t\t<div class=\"elementor-element elementor-element-556b1f3 e-flex e-con-boxed e-con e-parent\" data-id=\"556b1f3\" data-element_type=\"container\" data-settings=\"{&quot;background_background&quot;:&quot;classic&quot;}\">\n\t\t\t\t\t<div class=\"e-con-inner\">\n\t\t<div class=\"elementor-element elementor-element-c2ef18f e-con-full e-flex e-con e-child\" data-id=\"c2ef18f\" data-element_type=\"container\">\n\t\t\t\t<div class=\"elementor-element elementor-element-4b6cb49 elementor-widget elementor-widget-heading\" data-id=\"4b6cb49\" data-element_type=\"widget\" data-widget_type=\"heading.default\">\n\t\t\t\t<div class=\"elementor-widget-container\">\n\t\t\t\t\t<h3 class=\"elementor-heading-title elementor-size-default\">02.<\/h3>\t\t\t\t<\/div>\n\t\t\t\t<\/div>\n\t\t\t\t<\/div>\n\t\t<div class=\"elementor-element elementor-element-add4447 e-con-full e-flex e-con e-child\" data-id=\"add4447\" data-element_type=\"container\">\n\t\t<div class=\"elementor-element elementor-element-5bea334 e-con-full e-flex e-con e-child\" data-id=\"5bea334\" data-element_type=\"container\">\n\t\t\t\t<div class=\"elementor-element elementor-element-f8e66e7 elementor-widget elementor-widget-heading\" data-id=\"f8e66e7\" data-element_type=\"widget\" data-widget_type=\"heading.default\">\n\t\t\t\t<div class=\"elementor-widget-container\">\n\t\t\t\t\t<h2 class=\"elementor-heading-title elementor-size-default\">Our results<\/h2>\t\t\t\t<\/div>\n\t\t\t\t<\/div>\n\t\t\t\t<div class=\"elementor-element elementor-element-38a91a3 elementor-widget elementor-widget-button\" data-id=\"38a91a3\" data-element_type=\"widget\" data-widget_type=\"button.default\">\n\t\t\t\t<div class=\"elementor-widget-container\">\n\t\t\t\t\t\t\t\t\t<div class=\"elementor-button-wrapper\">\n\t\t\t\t\t<a class=\"elementor-button elementor-button-link elementor-size-sm\" href=\"https:\/\/iglowhouse.com\/en\/contact\/\">\n\t\t\t\t\t\t<span class=\"elementor-button-content-wrapper\">\n\t\t\t\t\t\t\t\t\t<span class=\"elementor-button-text\">Get in touch<\/span>\n\t\t\t\t\t<\/span>\n\t\t\t\t\t<\/a>\n\t\t\t\t<\/div>\n\t\t\t\t\t\t\t\t<\/div>\n\t\t\t\t<\/div>\n\t\t\t\t<\/div>\n\t\t<div class=\"elementor-element elementor-element-167f3af e-con-full e-flex e-con e-child\" data-id=\"167f3af\" data-element_type=\"container\">\n\t\t<div class=\"elementor-element elementor-element-8252d8d e-con-full e-flex e-con e-child\" data-id=\"8252d8d\" data-element_type=\"container\">\n\t\t\t\t<div class=\"elementor-element elementor-element-da63021 elementor-widget elementor-widget-icon-box\" data-id=\"da63021\" data-element_type=\"widget\" data-widget_type=\"icon-box.default\">\n\t\t\t\t<div class=\"elementor-widget-container\">\n\t\t\t\t\t\t\t<div class=\"elementor-icon-box-wrapper\">\n\n\t\t\t\n\t\t\t\t\t\t<div class=\"elementor-icon-box-content\">\n\n\t\t\t\t\t\t\t\t\t<h2 class=\"elementor-icon-box-title\">\n\t\t\t\t\t\t<span  >\n\t\t\t\t\t\t\t50+\t\t\t\t\t\t<\/span>\n\t\t\t\t\t<\/h2>\n\t\t\t\t\n\t\t\t\t\t\t\t\t\t<p class=\"elementor-icon-box-description\">\n\t\t\t\t\t\tdigital campaigns designed with visual impact and measurable performance.\t\t\t\t\t<\/p>\n\t\t\t\t\n\t\t\t<\/div>\n\t\t\t\n\t\t<\/div>\n\t\t\t\t\t\t<\/div>\n\t\t\t\t<\/div>\n\t\t\t\t<\/div>\n\t\t<div class=\"elementor-element elementor-element-dd9c6c6 e-con-full e-flex e-con e-child\" data-id=\"dd9c6c6\" data-element_type=\"container\">\n\t\t\t\t<div class=\"elementor-element elementor-element-a80371f elementor-widget elementor-widget-icon-box\" data-id=\"a80371f\" data-element_type=\"widget\" data-widget_type=\"icon-box.default\">\n\t\t\t\t<div class=\"elementor-widget-container\">\n\t\t\t\t\t\t\t<div class=\"elementor-icon-box-wrapper\">\n\n\t\t\t\n\t\t\t\t\t\t<div class=\"elementor-icon-box-content\">\n\n\t\t\t\t\t\t\t\t\t<h2 class=\"elementor-icon-box-title\">\n\t\t\t\t\t\t<span  >\n\t\t\t\t\t\t\t1M+\t\t\t\t\t\t<\/span>\n\t\t\t\t\t<\/h2>\n\t\t\t\t\n\t\t\t\t\t\t\t\t\t<p class=\"elementor-icon-box-description\">\n\t\t\t\t\t\torganic views generated across social media platforms.\t\t\t\t\t<\/p>\n\t\t\t\t\n\t\t\t<\/div>\n\t\t\t\n\t\t<\/div>\n\t\t\t\t\t\t<\/div>\n\t\t\t\t<\/div>\n\t\t\t\t<\/div>\n\t\t\t\t<\/div>\n\t\t<div class=\"elementor-element elementor-element-9f40fa5 e-con-full e-flex e-con e-child\" data-id=\"9f40fa5\" data-element_type=\"container\">\n\t\t<div class=\"elementor-element elementor-element-7b5cc2e e-con-full e-flex e-con e-child\" data-id=\"7b5cc2e\" data-element_type=\"container\">\n\t\t\t\t<div class=\"elementor-element elementor-element-df9ad87 elementor-widget elementor-widget-icon-box\" data-id=\"df9ad87\" data-element_type=\"widget\" data-widget_type=\"icon-box.default\">\n\t\t\t\t<div class=\"elementor-widget-container\">\n\t\t\t\t\t\t\t<div class=\"elementor-icon-box-wrapper\">\n\n\t\t\t\n\t\t\t\t\t\t<div class=\"elementor-icon-box-content\">\n\n\t\t\t\t\t\t\t\t\t<h2 class=\"elementor-icon-box-title\">\n\t\t\t\t\t\t<span  >\n\t\t\t\t\t\t\t40%\t\t\t\t\t\t<\/span>\n\t\t\t\t\t<\/h2>\n\t\t\t\t\n\t\t\t\t\t\t\t\t\t<p class=\"elementor-icon-box-description\">\n\t\t\t\t\t\taverage engagement increase on managed accounts.\t\t\t\t\t<\/p>\n\t\t\t\t\n\t\t\t<\/div>\n\t\t\t\n\t\t<\/div>\n\t\t\t\t\t\t<\/div>\n\t\t\t\t<\/div>\n\t\t\t\t<\/div>\n\t\t<div class=\"elementor-element elementor-element-b7c25a2 e-con-full e-flex e-con e-child\" data-id=\"b7c25a2\" data-element_type=\"container\">\n\t\t\t\t<div class=\"elementor-element elementor-element-edb4e90 elementor-widget elementor-widget-icon-box\" data-id=\"edb4e90\" data-element_type=\"widget\" data-widget_type=\"icon-box.default\">\n\t\t\t\t<div class=\"elementor-widget-container\">\n\t\t\t\t\t\t\t<div class=\"elementor-icon-box-wrapper\">\n\n\t\t\t\n\t\t\t\t\t\t<div class=\"elementor-icon-box-content\">\n\n\t\t\t\t\t\t\t\t\t<h2 class=\"elementor-icon-box-title\">\n\t\t\t\t\t\t<span  >\n\t\t\t\t\t\t\t50+\t\t\t\t\t\t<\/span>\n\t\t\t\t\t<\/h2>\n\t\t\t\t\n\t\t\t\t\t\t\t\t\t<p class=\"elementor-icon-box-description\">\n\t\t\t\t\t\tbrand identities built from scratch with unique strategies.\t\t\t\t\t<\/p>\n\t\t\t\t\n\t\t\t<\/div>\n\t\t\t\n\t\t<\/div>\n\t\t\t\t\t\t<\/div>\n\t\t\t\t<\/div>\n\t\t\t\t<\/div>\n\t\t\t\t<\/div>\n\t\t<div class=\"elementor-element elementor-element-9dcc89d e-con-full e-flex e-con e-child\" data-id=\"9dcc89d\" data-element_type=\"container\">\n\t\t<div class=\"elementor-element elementor-element-2db54f0 e-con-full e-flex e-con e-child\" data-id=\"2db54f0\" data-element_type=\"container\">\n\t\t\t\t<div class=\"elementor-element elementor-element-f715348 elementor-widget elementor-widget-icon-box\" data-id=\"f715348\" data-element_type=\"widget\" data-widget_type=\"icon-box.default\">\n\t\t\t\t<div class=\"elementor-widget-container\">\n\t\t\t\t\t\t\t<div class=\"elementor-icon-box-wrapper\">\n\n\t\t\t\n\t\t\t\t\t\t<div class=\"elementor-icon-box-content\">\n\n\t\t\t\t\t\t\t\t\t<h2 class=\"elementor-icon-box-title\">\n\t\t\t\t\t\t<span  >\n\t\t\t\t\t\t\t15%\t\t\t\t\t\t<\/span>\n\t\t\t\t\t<\/h2>\n\t\t\t\t\n\t\t\t\t\t\t\t\t\t<p class=\"elementor-icon-box-description\">\n\t\t\t\t\t\tclient retention growth thanks to trust and long-term partnerships.\t\t\t\t\t<\/p>\n\t\t\t\t\n\t\t\t<\/div>\n\t\t\t\n\t\t<\/div>\n\t\t\t\t\t\t<\/div>\n\t\t\t\t<\/div>\n\t\t\t\t<\/div>\n\t\t\t\t<\/div>\n\t\t\t\t<\/div>\n\t\t\t\t\t<\/div>\n\t\t\t\t<\/div>\n\t\t<div class=\"elementor-element elementor-element-fd2b820 e-flex e-con-boxed e-con e-parent\" data-id=\"fd2b820\" data-element_type=\"container\">\n\t\t\t\t\t<div class=\"e-con-inner\">\n\t\t<div class=\"elementor-element elementor-element-47e0b8a e-con-full e-flex e-con e-child\" data-id=\"47e0b8a\" data-element_type=\"container\">\n\t\t\t\t<div class=\"elementor-element elementor-element-f705614 elementor-widget elementor-widget-heading\" data-id=\"f705614\" data-element_type=\"widget\" data-widget_type=\"heading.default\">\n\t\t\t\t<div class=\"elementor-widget-container\">\n\t\t\t\t\t<h3 class=\"elementor-heading-title elementor-size-default\">Let\u2019s work together<\/h3>\t\t\t\t<\/div>\n\t\t\t\t<\/div>\n\t\t\t\t<\/div>\n\t\t<div class=\"elementor-element elementor-element-096eec9 e-con-full e-flex e-con e-child\" data-id=\"096eec9\" data-element_type=\"container\">\n\t\t\t\t<div class=\"elementor-element elementor-element-2063cfc elementor-widget elementor-widget-heading\" data-id=\"2063cfc\" data-element_type=\"widget\" data-widget_type=\"heading.default\">\n\t\t\t\t<div class=\"elementor-widget-container\">\n\t\t\t\t\t<h4 class=\"elementor-heading-title elementor-size-default\">Ready to transform your brand into its best version?<\/h4>\t\t\t\t<\/div>\n\t\t\t\t<\/div>\n\t\t\t\t<div class=\"elementor-element elementor-element-3cda8a2 elementor-widget elementor-widget-text-editor\" data-id=\"3cda8a2\" data-element_type=\"widget\" data-widget_type=\"text-editor.default\">\n\t\t\t\t<div class=\"elementor-widget-container\">\n\t\t\t\t\t\t\t\t\t<p>Make your business stand out with a unique identity and a strategy that sells.<\/p>\t\t\t\t\t\t\t\t<\/div>\n\t\t\t\t<\/div>\n\t\t\t\t<div class=\"elementor-element elementor-element-23eadc7 elementor-widget elementor-widget-heading\" data-id=\"23eadc7\" data-element_type=\"widget\" data-widget_type=\"heading.default\">\n\t\t\t\t<div class=\"elementor-widget-container\">\n\t\t\t\t\t<h2 class=\"elementor-heading-title elementor-size-default\">hola@iglowhouse.com<\/h2>\t\t\t\t<\/div>\n\t\t\t\t<\/div>\n\t\t\t\t<\/div>\n\t\t\t\t\t<\/div>\n\t\t\t\t<\/div>\n\t\t\t\t<\/div>","protected":false},"excerpt":{"rendered":"<p>Mi viaje en el dise\u00f1o Sobre nosotros Glow House naci\u00f3 como un proyecto freelance, impulsado por la pasi\u00f3n de crear y transformar marcas a trav\u00e9s del dise\u00f1o y la estrategia digital. Con el paso del tiempo y el crecimiento de nuestra comunidad, evolucionamos hasta convertirnos en una empresa formal compuesta por un equipo creativo de [&hellip;]<\/p>","protected":false},"author":1,"featured_media":0,"parent":0,"menu_order":0,"comment_status":"closed","ping_status":"closed","template":"","meta":{"site-sidebar-layout":"no-sidebar","site-content-layout":"page-builder","ast-site-content-layout":"full-width-container","site-content-style":"default","site-sidebar-style":"default","ast-global-header-display":"","ast-banner-title-visibility":"","ast-main-header-display":"","ast-hfb-above-header-display":"","ast-hfb-below-header-display":"","ast-hfb-mobile-header-display":"","site-post-title":"disabled","ast-breadcrumbs-content":"","ast-featured-img":"disabled","footer-sml-layout":"","theme-transparent-header-meta":"","adv-header-id-meta":"","stick-header-meta":"","header-above-stick-meta":"","header-main-stick-meta":"","header-below-stick-meta":"","astra-migrate-meta-layouts":"default","ast-page-background-enabled":"default","ast-page-background-meta":{"desktop":{"background-color":"var(--ast-global-color-4)","background-image":"","background-repeat":"repeat","background-position":"center center","background-size":"auto","background-attachment":"scroll","background-type":"","background-media":"","overlay-type":"","overlay-color":"","overlay-opacity":"","overlay-gradient":""},"tablet":{"background-color":"","background-image":"","background-repeat":"repeat","background-position":"center center","background-size":"auto","background-attachment":"scroll","background-type":"","background-media":"","overlay-type":"","overlay-color":"","overlay-opacity":"","overlay-gradient":""},"mobile":{"background-color":"","background-image":"","background-repeat":"repeat","background-position":"center center","background-size":"auto","background-attachment":"scroll","background-type":"","background-media":"","overlay-type":"","overlay-color":"","overlay-opacity":"","overlay-gradient":""}},"ast-content-background-meta":{"desktop":{"background-color":"var(--ast-global-color-5)","background-image":"","background-repeat":"repeat","background-position":"center center","background-size":"auto","background-attachment":"scroll","background-type":"","background-media":"","overlay-type":"","overlay-color":"","overlay-opacity":"","overlay-gradient":""},"tablet":{"background-color":"var(--ast-global-color-5)","background-image":"","background-repeat":"repeat","background-position":"center center","background-size":"auto","background-attachment":"scroll","background-type":"","background-media":"","overlay-type":"","overlay-color":"","overlay-opacity":"","overlay-gradient":""},"mobile":{"background-color":"var(--ast-global-color-5)","background-image":"","background-repeat":"repeat","background-position":"center center","background-size":"auto","background-attachment":"scroll","background-type":"","background-media":"","overlay-type":"","overlay-color":"","overlay-opacity":"","overlay-gradient":""}},"footnotes":""},"class_list":["post-1066","page","type-page","status-publish","hentry"],"_hostinger_reach_plugin_has_subscription_block":false,"_hostinger_reach_plugin_is_elementor":false,"_links":{"self":[{"href":"https:\/\/iglowhouse.com\/en\/wp-json\/wp\/v2\/pages\/1066","targetHints":{"allow":["GET"]}}],"collection":[{"href":"https:\/\/iglowhouse.com\/en\/wp-json\/wp\/v2\/pages"}],"about":[{"href":"https:\/\/iglowhouse.com\/en\/wp-json\/wp\/v2\/types\/page"}],"author":[{"embeddable":true,"href":"https:\/\/iglowhouse.com\/en\/wp-json\/wp\/v2\/users\/1"}],"replies":[{"embeddable":true,"href":"https:\/\/iglowhouse.com\/en\/wp-json\/wp\/v2\/comments?post=1066"}],"version-history":[{"count":30,"href":"https:\/\/iglowhouse.com\/en\/wp-json\/wp\/v2\/pages\/1066\/revisions"}],"predecessor-version":[{"id":1601,"href":"https:\/\/iglowhouse.com\/en\/wp-json\/wp\/v2\/pages\/1066\/revisions\/1601"}],"wp:attachment":[{"href":"https:\/\/iglowhouse.com\/en\/wp-json\/wp\/v2\/media?parent=1066"}],"curies":[{"name":"wp","href":"https:\/\/api.w.org\/{rel}","templated":true}]}}